{"id":1356,"date":"2016-06-28T01:40:45","date_gmt":"2016-06-27T23:40:45","guid":{"rendered":"https:\/\/compliance.exartia.net\/contactar\/"},"modified":"2025-12-27T13:18:37","modified_gmt":"2025-12-27T12:18:37","slug":"contactar","status":"publish","type":"page","link":"https:\/\/compliance.exartia.net\/ca\/contactar\/","title":{"rendered":"Contactar"},"content":{"rendered":"<div class=\"wpb-content-wrapper\"><p>[vc_row css=&#8221;.vc_custom_1766659046207{margin-top: 30px !important;}&#8221;][vc_column width=&#8221;3\/4&#8243;]<div id=\"ultimate-heading-129169f467368326c\" class=\"uvc-heading ult-adjust-bottom-margin ultimate-heading-129169f467368326c uvc-7526 accent-border-color\" data-hspacer=\"line_only\"  data-halign=\"left\" style=\"text-align:left\"><div class=\"uvc-main-heading ult-responsive\"  data-ultimate-target='.uvc-heading.ultimate-heading-129169f467368326c h2'  data-responsive-json-new='{\"font-size\":\"desktop:26px;\",\"line-height\":\"desktop:36px;\"}' ><h2 style=\"font-weight:bold;\">Contactar<\/h2><\/div><div class=\"uvc-heading-spacer line_only\" style=\"margin-top:15px;margin-bottom:50px;height:4px;\"><span class=\"uvc-headings-line\" style=\"border-style:solid;border-bottom-width:4px;border-color:;width:50px;\"><\/span><\/div><\/div>[vc_column_text css=&#8221;&#8221;]<strong>Si desitja posar-se en contacte amb nosaltres, completi la informaci\u00f3 que li demanem a continuaci\u00f3. En el menor temps possible ens posarem en contacte amb Vost\u00e8. <\/strong>[\/vc_column_text][vc_column_text css=&#8221;&#8221;]\n<div class=\"wpcf7 no-js\" id=\"wpcf7-f1578-o1\" lang=\"ca\" dir=\"ltr\" data-wpcf7-id=\"1578\">\n<div class=\"screen-reader-response\"><p role=\"status\" aria-live=\"polite\" aria-atomic=\"true\"><\/p> <ul><\/ul><\/div>\n<form action=\"\/ca\/wp-json\/wp\/v2\/pages\/1356#wpcf7-f1578-o1\" method=\"post\" class=\"wpcf7-form init wpcf7-acceptance-as-validation\" aria-label=\"Formulari de contacte\" novalidate=\"novalidate\" data-status=\"init\">\n<fieldset class=\"hidden-fields-container\"><input type=\"hidden\" name=\"_wpcf7\" value=\"1578\" \/><input type=\"hidden\" name=\"_wpcf7_version\" value=\"6.1.4\" \/><input type=\"hidden\" name=\"_wpcf7_locale\" value=\"ca\" \/><input type=\"hidden\" name=\"_wpcf7_unit_tag\" value=\"wpcf7-f1578-o1\" \/><input type=\"hidden\" name=\"_wpcf7_container_post\" value=\"0\" \/><input type=\"hidden\" name=\"_wpcf7_posted_data_hash\" value=\"\" \/><input type=\"hidden\" name=\"_wpcf7_recaptcha_response\" value=\"\" \/>\n<\/fieldset>\n<p><label style=\"width: 90%;\"> Nom<br \/>\n<span class=\"wpcf7-form-control-wrap\" data-name=\"your-name\"><input size=\"40\" maxlength=\"400\" class=\"wpcf7-form-control wpcf7-text wpcf7-validates-as-required\" aria-required=\"true\" aria-invalid=\"false\" value=\"\" type=\"text\" name=\"your-name\" \/><\/span> <\/label>\n<\/p>\n<p><label style=\"width: 90%;\"> Email<br \/>\n<span class=\"wpcf7-form-control-wrap\" data-name=\"your-email\"><input size=\"40\" maxlength=\"400\" class=\"wpcf7-form-control wpcf7-email wpcf7-validates-as-required wpcf7-text wpcf7-validates-as-email\" aria-required=\"true\" aria-invalid=\"false\" value=\"\" type=\"email\" name=\"your-email\" \/><\/span> <\/label>\n<\/p>\n<p><label style=\"width: 90%;\"> Assumpte<br \/>\n<span class=\"wpcf7-form-control-wrap\" data-name=\"your-subject\"><input size=\"40\" maxlength=\"400\" class=\"wpcf7-form-control wpcf7-text wpcf7-validates-as-required\" aria-required=\"true\" aria-invalid=\"false\" value=\"\" type=\"text\" name=\"your-subject\" \/><\/span> <\/label>\n<\/p>\n<p><span id=\"wpcf7-69f4673685e84-wrapper\" class=\"wpcf7-form-control-wrap esque-missatges-brossa-wrap\" style=\"display:none !important; visibility:hidden !important;\"><input type=\"hidden\" name=\"esque-missatges-brossa-time-start\" value=\"1777624886\"><input type=\"hidden\" name=\"esque-missatges-brossa-time-check\" value=\"4\"><label for=\"esque\" class=\"hp-message\">Deixeu aquest camp buit.<\/label><input id=\"esque\"  class=\"wpcf7-form-control wpcf7-text\" type=\"text\" name=\"esque-missatges-brossa\" value=\"\" size=\"40\" tabindex=\"-1\" autocomplete=\"new-password\" \/><\/span>\n<\/p>\n<p><label style=\"width: 90%;\"> Missatge<br \/>\n<span class=\"wpcf7-form-control-wrap\" data-name=\"your-message\"><textarea cols=\"40\" rows=\"10\" maxlength=\"2000\" class=\"wpcf7-form-control wpcf7-textarea wpcf7-validates-as-required\" aria-required=\"true\" aria-invalid=\"false\" name=\"your-message\"><\/textarea><\/span> <\/label>\n<\/p>\n<p><label style=\"width: 90%;\"><span class=\"wpcf7-form-control-wrap\" data-name=\"acceptance-452\"><span class=\"wpcf7-form-control wpcf7-acceptance\"><span class=\"wpcf7-list-item\"><input type=\"checkbox\" name=\"acceptance-452\" value=\"1\" aria-invalid=\"false\" \/><\/span><\/span><\/span> <a href=\"https:\/\/www.exartia.net\/politicas-de-privacidad-y-proteccion-de-datos\/\" target=\"_blank\" class=\"ContactoEnlacePolPriv\">Accepto les pol\u00edtiques de privacitat<\/a><\/label>\n<\/p>\n<p><input class=\"wpcf7-form-control wpcf7-submit has-spinner\" type=\"submit\" value=\"Enviar\" \/>\n<\/p><div class=\"wpcf7-response-output\" aria-hidden=\"true\"><\/div>\n<\/form>\n<\/div>\n[\/vc_column_text][\/vc_column][vc_column width=&#8221;1\/4&#8243; css=&#8221;.vc_custom_1766660259028{margin-top: 60px !important;}&#8221;][vc_column_text css=&#8221;.vc_custom_1766659645449{margin-bottom: 60px !important;}&#8221;]<\/p>\n<h5>Informaci\u00f3 de contacte<\/h5>\n<p>[\/vc_column_text][vc_row_inner][vc_column_inner][vc_column_text css=&#8221;&#8221;]<\/p>\n<h6>Tel\u00e8fon<\/h6>\n<p>[\/vc_column_text][\/vc_column_inner][\/vc_row_inner][vc_row_inner][vc_column_inner width=&#8221;1\/4&#8243;][vc_icon icon_fontawesome=&#8221;fa fa-solid fa-phone-volume&#8221; color=&#8221;custom&#8221; css=&#8221;&#8221; custom_color=&#8221;#DD3333&#8243;][\/vc_column_inner][vc_column_inner width=&#8221;3\/4&#8243;][vc_column_text css=&#8221;.vc_custom_1766660106914{margin-top: 15px !important;}&#8221;]+34 932 924 007[\/vc_column_text][\/vc_column_inner][\/vc_row_inner][vc_row_inner][vc_column_inner][vc_column_text css=&#8221;&#8221;]<\/p>\n<h6>Email<\/h6>\n<p>[\/vc_column_text][\/vc_column_inner][\/vc_row_inner][vc_row_inner][vc_column_inner width=&#8221;1\/4&#8243;][vc_icon icon_fontawesome=&#8221;fa fa-solid fa-envelope&#8221; color=&#8221;custom&#8221; css=&#8221;&#8221; custom_color=&#8221;#DD3333&#8243;][\/vc_column_inner][vc_column_inner width=&#8221;3\/4&#8243;][vc_column_text css=&#8221;.vc_custom_1766660518693{margin-top: 15px !important;}&#8221;]info@exartia.net[\/vc_column_text][\/vc_column_inner][\/vc_row_inner][\/vc_column][\/vc_row]<\/p>\n<\/div>","protected":false},"excerpt":{"rendered":"<p>[vc_row css=&#8221;.vc_custom_1766659046207{margin-top: 30px !important;}&#8221;][vc_column width=&#8221;3\/4&#8243;][vc_column_text css=&#8221;&#8221;]Si desitja posar-se en contacte amb nosaltres, completi la informaci\u00f3 que li demanem a continuaci\u00f3. En el menor temps possible ens posarem en contacte amb Vost\u00e8. [\/vc_column_text][vc_column_text css=&#8221;&#8221;][\/vc_column_text][\/vc_column][vc_column width=&#8221;1\/4&#8243; css=&#8221;.vc_custom_1766660259028{margin-top: 60px !important;}&#8221;][vc_column_text css=&#8221;.vc_custom_1766659645449{margin-bottom: 60px !important;}&#8221;] Informaci\u00f3 de contacte [\/vc_column_text][vc_row_inner][vc_column_inner][vc_column_text css=&#8221;&#8221;] Tel\u00e8fon [\/vc_column_text][\/vc_column_inner][\/vc_row_inner][vc_row_inner][vc_column_inner width=&#8221;1\/4&#8243;][vc_icon icon_fontawesome=&#8221;fa fa-solid fa-phone-volume&#8221; color=&#8221;custom&#8221; css=&#8221;&#8221; custom_color=&#8221;#DD3333&#8243;][\/vc_column_inner][vc_column_inner width=&#8221;3\/4&#8243;][vc_column_text&hellip;<\/p>\n","protected":false},"author":1,"featured_media":0,"parent":0,"menu_order":4,"comment_status":"closed","ping_status":"closed","template":"","meta":{"footnotes":""},"class_list":["post-1356","page","type-page","status-publish","hentry","description-off"],"_links":{"self":[{"href":"https:\/\/compliance.exartia.net\/ca\/wp-json\/wp\/v2\/pages\/1356","targetHints":{"allow":["GET"]}}],"collection":[{"href":"https:\/\/compliance.exartia.net\/ca\/wp-json\/wp\/v2\/pages"}],"about":[{"href":"https:\/\/compliance.exartia.net\/ca\/wp-json\/wp\/v2\/types\/page"}],"author":[{"embeddable":true,"href":"https:\/\/compliance.exartia.net\/ca\/wp-json\/wp\/v2\/users\/1"}],"replies":[{"embeddable":true,"href":"https:\/\/compliance.exartia.net\/ca\/wp-json\/wp\/v2\/comments?post=1356"}],"version-history":[{"count":7,"href":"https:\/\/compliance.exartia.net\/ca\/wp-json\/wp\/v2\/pages\/1356\/revisions"}],"predecessor-version":[{"id":1577,"href":"https:\/\/compliance.exartia.net\/ca\/wp-json\/wp\/v2\/pages\/1356\/revisions\/1577"}],"wp:attachment":[{"href":"https:\/\/compliance.exartia.net\/ca\/wp-json\/wp\/v2\/media?parent=1356"}],"curies":[{"name":"wp","href":"https:\/\/api.w.org\/{rel}","templated":true}]}}