{"id":1351,"date":"2016-06-21T22:38:18","date_gmt":"2016-06-21T20:38:18","guid":{"rendered":"https:\/\/compliance.exartia.net\/tarifes\/"},"modified":"2025-12-26T19:20:18","modified_gmt":"2025-12-26T18:20:18","slug":"tarifes","status":"publish","type":"page","link":"https:\/\/compliance.exartia.net\/ca\/tarifes\/","title":{"rendered":"Tarifes"},"content":{"rendered":"<div class=\"wpb-content-wrapper\"><p>[vc_row css=&#8221;.vc_custom_1766657796917{margin-top: 20px !important;}&#8221;][vc_column]<div id=\"ultimate-heading-631569f4656fbddc0\" class=\"uvc-heading ult-adjust-bottom-margin ultimate-heading-631569f4656fbddc0 uvc-2574 accent-border-color\" data-hspacer=\"line_only\"  data-halign=\"left\" style=\"text-align:left\"><div class=\"uvc-main-heading ult-responsive\"  data-ultimate-target='.uvc-heading.ultimate-heading-631569f4656fbddc0 h2'  data-responsive-json-new='{\"font-size\":\"desktop:26px;\",\"line-height\":\"desktop:36px;\"}' ><h2 style=\"font-weight:bold;\">Tarifes del nostre Sistema Intern d'Informaci\u00f3<\/h2><\/div><div class=\"uvc-heading-spacer line_only\" style=\"margin-top:15px;margin-bottom:50px;height:4px;\"><span class=\"uvc-headings-line\" style=\"border-style:solid;border-bottom-width:4px;border-color:;width:50px;\"><\/span><\/div><div class=\"uvc-sub-heading ult-responsive\"  data-ultimate-target='.uvc-heading.ultimate-heading-631569f4656fbddc0 .uvc-sub-heading '  data-responsive-json-new='{\"font-size\":\"\",\"line-height\":\"\"}'  style=\"font-weight:normal;\"><\/p>\n<h4>Adaptem el pressupost a les seves necessitats<\/h4>\n<p><\/div><\/div>[\/vc_column][\/vc_row][vc_row gap=&#8221;30&#8243; equal_height=&#8221;yes&#8221; type=&#8221;vc_default&#8221; css=&#8221;.vc_custom_1495105796691{padding-top: 70px !important;padding-right: 25px !important;padding-bottom: 70px !important;padding-left: 25px !important;}&#8221;][vc_column width=&#8221;1\/3&#8243; css=&#8221;.vc_custom_1747379082993{padding-top: 20px !important;padding-right: 20px !important;padding-bottom: 20px !important;padding-left: 20px !important;background-color: rgba(0,0,0,0.04) !important;*background-color: rgb(0,0,0) !important;}&#8221;][vc_column_text css=&#8221;.vc_custom_1766657971282{padding-bottom: 20px !important;}&#8221; el_class=&#8221;TarifasEstilsExplicacioServeis&#8221;]<\/p>\n<h3 style=\"text-align: center;\">Servei de l&#8217;aplicaci\u00f3 Web<\/h3>\n<ul>\n<li>Configuraci\u00f3 i posada en marxa del Sistema Intern d&#8217;Informaci\u00f3 per a la seva organitzaci\u00f3.<\/li>\n<li>M\u00f2dul d&#8217;entrada senzilla i intu\u00eftiva de den\u00fancies.<\/li>\n<li>Canal de Comunicacions segur entri en informant\/informant i el gestor del canal.<\/li>\n<li>M\u00f2dul de gesti\u00f3 i administraci\u00f3 de den\u00fancies per als gestors del canal.<\/li>\n<\/ul>\n<p>[\/vc_column_text]<style type=\"text\/css\" data-type=\"the7_shortcodes-inline-css\">#default-btn-4ea6f32ca3fd336113c299daf833d088.ico-right-side > i {\n  margin-right: 0px;\n  margin-left: 8px;\n}\n#default-btn-4ea6f32ca3fd336113c299daf833d088 > i {\n  margin-right: 8px;\n}<\/style><div class=\"btn-align-center\"><a href=\"https:\/\/compliance.exartia.net\/ca\/contactar\/\" class=\"default-btn-shortcode dt-btn dt-btn-m link-hover-off  vc_custom_1766658286389\" id=\"default-btn-4ea6f32ca3fd336113c299daf833d088\"><span>Sol\u00b7licitar pressupost<\/span><\/a><\/div>[\/vc_column][vc_column width=&#8221;1\/3&#8243; css=&#8221;.vc_custom_1747379113337{padding-top: 20px !important;padding-right: 20px !important;padding-bottom: 20px !important;padding-left: 20px !important;background-color: rgba(0,0,0,0.04) !important;*background-color: rgb(0,0,0) !important;}&#8221;][vc_column_text css=&#8221;.vc_custom_1766658064403{padding-bottom: 20px !important;}&#8221; el_class=&#8221;TarifasEstilsExplicacioServeis&#8221;]<\/p>\n<h3 style=\"text-align: center;\">Servei de l&#8217;aplicaci\u00f3 Web<br \/>\n+<br \/>\nServei de gesti\u00f3 externalitzada de les den\u00fancies<\/h3>\n<ul>\n<li>Totes les caracter\u00edstiques i avantatges que ofereix el &#8220;Servei de l&#8217;aplicaci\u00f3 Web&#8221;.<\/li>\n<li>Totes les caracter\u00edstiques i avantatges que ofereix el &#8220;Servei de gesti\u00f3 externalitzada de les den\u00fancies&#8221;.<\/li>\n<\/ul>\n<p>[\/vc_column_text]<style type=\"text\/css\" data-type=\"the7_shortcodes-inline-css\">#default-btn-04112cd0f0540f80203803688d4100cb.ico-right-side > i {\n  margin-right: 0px;\n  margin-left: 8px;\n}\n#default-btn-04112cd0f0540f80203803688d4100cb > i {\n  margin-right: 8px;\n}<\/style><div class=\"btn-align-center\"><a href=\"https:\/\/compliance.exartia.net\/ca\/contactar\/\" class=\"default-btn-shortcode dt-btn dt-btn-m link-hover-off  vc_custom_1766658304266\" id=\"default-btn-04112cd0f0540f80203803688d4100cb\"><span>Sol\u00b7licitar pressupost<\/span><\/a><\/div>[\/vc_column][vc_column width=&#8221;1\/3&#8243; css=&#8221;.vc_custom_1747379124963{padding-top: 20px !important;padding-right: 20px !important;padding-bottom: 20px !important;padding-left: 20px !important;background-color: rgba(0,0,0,0.04) !important;*background-color: rgb(0,0,0) !important;}&#8221;][vc_column_text css=&#8221;.vc_custom_1766658077341{padding-bottom: 20px !important;}&#8221; el_class=&#8221;TarifasEstilsExplicacioServeis&#8221;]<\/p>\n<h3 style=\"text-align: center;\">Servei de gesti\u00f3 externalitzada de les den\u00fancies<\/h3>\n<ul>\n<li>Servei de resposta davant den\u00fancies tots els dies laborables de l&#8217;any.<\/li>\n<li>Mediaci\u00f3 entre l&#8217;informant i l&#8217;organitzaci\u00f3.<\/li>\n<li>Suport i assessorament per experts en Dret Penal i Laboral.<\/li>\n<li>Suport i assessorament per experts en Criminologia.<\/li>\n<\/ul>\n<p>[\/vc_column_text]<style type=\"text\/css\" data-type=\"the7_shortcodes-inline-css\">#default-btn-8ec32cbd988de205dc477620d90c2c0b.ico-right-side > i {\n  margin-right: 0px;\n  margin-left: 8px;\n}\n#default-btn-8ec32cbd988de205dc477620d90c2c0b > i {\n  margin-right: 8px;\n}<\/style><div class=\"btn-align-center\"><a href=\"https:\/\/compliance.exartia.net\/ca\/contactar\/\" class=\"default-btn-shortcode dt-btn dt-btn-m link-hover-off  vc_custom_1766658321206\" id=\"default-btn-8ec32cbd988de205dc477620d90c2c0b\"><span>Sol\u00b7licitar pressupost<\/span><\/a><\/div>[\/vc_column][\/vc_row]<\/p>\n<\/div>","protected":false},"excerpt":{"rendered":"<p>[vc_row css=&#8221;.vc_custom_1766657796917{margin-top: 20px !important;}&#8221;][vc_column][\/vc_column][\/vc_row][vc_row gap=&#8221;30&#8243; equal_height=&#8221;yes&#8221; type=&#8221;vc_default&#8221; css=&#8221;.vc_custom_1495105796691{padding-top: 70px !important;padding-right: 25px !important;padding-bottom: 70px !important;padding-left: 25px !important;}&#8221;][vc_column width=&#8221;1\/3&#8243; css=&#8221;.vc_custom_1747379082993{padding-top: 20px !important;padding-right: 20px !important;padding-bottom: 20px !important;padding-left: 20px !important;background-color: rgba(0,0,0,0.04) !important;*background-color: rgb(0,0,0) !important;}&#8221;][vc_column_text css=&#8221;.vc_custom_1766657971282{padding-bottom: 20px !important;}&#8221; el_class=&#8221;TarifasEstilsExplicacioServeis&#8221;] Servei de l&#8217;aplicaci\u00f3 Web Configuraci\u00f3 i posada en marxa del Sistema Intern d&#8217;Informaci\u00f3 per a la seva organitzaci\u00f3. M\u00f2dul d&#8217;entrada senzilla&hellip;<\/p>\n","protected":false},"author":1,"featured_media":0,"parent":0,"menu_order":2,"comment_status":"closed","ping_status":"closed","template":"","meta":{"footnotes":""},"class_list":["post-1351","page","type-page","status-publish","hentry","description-off"],"_links":{"self":[{"href":"https:\/\/compliance.exartia.net\/ca\/wp-json\/wp\/v2\/pages\/1351","targetHints":{"allow":["GET"]}}],"collection":[{"href":"https:\/\/compliance.exartia.net\/ca\/wp-json\/wp\/v2\/pages"}],"about":[{"href":"https:\/\/compliance.exartia.net\/ca\/wp-json\/wp\/v2\/types\/page"}],"author":[{"embeddable":true,"href":"https:\/\/compliance.exartia.net\/ca\/wp-json\/wp\/v2\/users\/1"}],"replies":[{"embeddable":true,"href":"https:\/\/compliance.exartia.net\/ca\/wp-json\/wp\/v2\/comments?post=1351"}],"version-history":[{"count":8,"href":"https:\/\/compliance.exartia.net\/ca\/wp-json\/wp\/v2\/pages\/1351\/revisions"}],"predecessor-version":[{"id":1593,"href":"https:\/\/compliance.exartia.net\/ca\/wp-json\/wp\/v2\/pages\/1351\/revisions\/1593"}],"wp:attachment":[{"href":"https:\/\/compliance.exartia.net\/ca\/wp-json\/wp\/v2\/media?parent=1351"}],"curies":[{"name":"wp","href":"https:\/\/api.w.org\/{rel}","templated":true}]}}