{"id":1349,"date":"2016-06-23T11:12:53","date_gmt":"2016-06-23T09:12:53","guid":{"rendered":"https:\/\/compliance.exartia.net\/qui-som\/"},"modified":"2025-12-26T13:23:36","modified_gmt":"2025-12-26T12:23:36","slug":"qui-som","status":"publish","type":"page","link":"https:\/\/compliance.exartia.net\/ca\/qui-som\/","title":{"rendered":"Qui som"},"content":{"rendered":"<div class=\"wpb-content-wrapper\"><p>[vc_row type=&#8221;vc_default&#8221; margin_top=&#8221;5&#8243; margin_bottom=&#8221;15&#8243; css=&#8221;.vc_custom_1493829267800{padding-top: 70px !important;}&#8221;][vc_column width=&#8221;5\/6&#8243; offset=&#8221;vc_col-lg-9 vc_col-md-9 vc_col-xs-12&#8243; css=&#8221;.vc_custom_1747378846873{padding-bottom: 70px !important;}&#8221;]<div id=\"ultimate-heading-912069f4755fc401f\" class=\"uvc-heading ult-adjust-bottom-margin ultimate-heading-912069f4755fc401f uvc-2927 accent-border-color\" data-hspacer=\"line_only\"  data-halign=\"left\" style=\"text-align:left\"><div class=\"uvc-main-heading ult-responsive\"  data-ultimate-target='.uvc-heading.ultimate-heading-912069f4755fc401f h2'  data-responsive-json-new='{\"font-size\":\"desktop:26px;\",\"line-height\":\"desktop:36px;\"}' ><h2 style=\"font-weight:bold;\">Qui som<\/h2><\/div><div class=\"uvc-heading-spacer line_only\" style=\"margin-top:15px;margin-bottom:50px;height:4px;\"><span class=\"uvc-headings-line\" style=\"border-style:solid;border-bottom-width:4px;border-color:;width:50px;\"><\/span><\/div><\/div>[vc_column_text css=&#8221;&#8221;]<strong>Comptem amb m\u00e9s de 20 anys d&#8217;experi\u00e8ncia en la implantaci\u00f3 de projectes de Compliance, Auditoria, Consultoria, Desenvolupament i Seguretat en Tecnologies de la Informaci\u00f3.<\/strong>[\/vc_column_text][vc_column_text css=&#8221;&#8221;]Els nostres Auditors i Consultors inform\u00e0tics compten, entre altres, amb les seg\u00fcents certificacions:<\/p>\n<ul>\n<li>CISA (Certified Information Systems Auditor)<\/li>\n<li>CISM (Certified Information Security Manager)<\/li>\n<li>CGEIT (Certified in the Governance of Enterprise IT)<\/li>\n<li>CRISC (Certification in Risk and Information Systems Control)<\/li>\n<li>Lead Auditor BSI 7799<\/li>\n<li>Lead Auditor ISO 27001<\/li>\n<\/ul>\n<p>totes elles amb un m\u00ednim de 15 anys acreditats d&#8217;experi\u00e8ncia en Auditories de Sistemes d&#8217;Informaci\u00f3.[\/vc_column_text]<div id=\"ultimate-heading-651269f4755fc4120\" class=\"uvc-heading ult-adjust-bottom-margin ultimate-heading-651269f4755fc4120 uvc-9422 accent-border-color\" data-hspacer=\"line_only\"  data-halign=\"left\" style=\"text-align:left\"><div class=\"uvc-main-heading ult-responsive\"  data-ultimate-target='.uvc-heading.ultimate-heading-651269f4755fc4120 h3'  data-responsive-json-new='{\"font-size\":\"desktop:26px;\",\"line-height\":\"desktop:36px;\"}' ><h3 style=\"font-weight:bold;margin-top:30px;\">Els nostres valors<\/h3><\/div><div class=\"uvc-heading-spacer line_only\" style=\"margin-top:15px;margin-bottom:40px;height:4px;\"><span class=\"uvc-headings-line\" style=\"border-style:solid;border-bottom-width:4px;border-color:;width:50px;\"><\/span><\/div><\/div><div class=\"standard-number-list bullet-top\"><div>\n<p><strong>Professionalitat Certificada<\/strong>. El nostre equip est\u00e0 format per Auditors certificats internacionalment en Sistemes d&#8217;Informaci\u00f3 (CISA, CISM, CRISC i CGEIT) per ISACA, organitzaci\u00f3 que regula a nivell mundial els requisits necessaris per a exercir com a Auditor Inform\u00e0tic.<\/p>\n<p><strong>Especialitzaci\u00f3<\/strong>. Som experts en la prestaci\u00f3 de serveis relacionats amb la seguretat de les tecnologies de la informaci\u00f3 de l&#8217;empresa i comptem amb la millor metodologia pr\u00f2pia per a aix\u00f2.<\/p>\n<p><strong>Experi\u00e8ncia<\/strong>. exartia acumula m\u00e9s de 20 anys d&#8217;experi\u00e8ncia contrastada en Auditoria Inform\u00e0tica, Seguretat de la Informaci\u00f3 i Gesti\u00f3 del Risc Tecnol\u00f2gic. Actualment compta amb el bagatge m\u00e9s ampli i professional del sector.<\/p>\n<p><strong>\u00danic interlocutor<\/strong>. \u00danic prove\u00efdor. Posem a la seva disposici\u00f3 els millors auditors inform\u00e0tics i advocats especialistes en tecnologies de la informaci\u00f3. M\u00e0xima facilitat amb atenci\u00f3 personalitzada.<\/p>\n<p><strong>Garanties<\/strong>. Perqu\u00e8 compta amb una empresa de reconegut prestigi.<\/p>\n<\/div>\n<\/div>[\/vc_column][vc_column width=&#8221;1\/6&#8243;][vc_raw_html css=&#8221;&#8221;]PGRpdj4KICAgPGltZyBzcmM9Imh0dHBzOi8vd3d3LmV4YXJ0aWEubmV0L3dwLWNvbnRlbnQvdXBsb2Fkcy9pc2FjYS9JU0FDQS5qcGciIGFsdD0iSVNBQ0EgLSBTeXN0ZW1zIEF1ZGl0IGFuZCBDb250cm9sIEFzc29jaWF0aW9uIiB0aXRsZT0iSVNBQ0Eg4oCTIFN5c3RlbXMgQXVkaXQgYW5kIENvbnRyb2wgQXNzb2NpYXRpb24iIHN0eWxlPSJ3aWR0aDogMzAwcHg7Ij4KPC9kaXY+CjxkaXYgY2xhc3M9Im10LTQiPgogICA8aDM+CiAgICAgIDx1PkxlcyBub3N0cmVzIGNlcnRpZmljYWNpb25zPC91PgogICA8L2gzPgo8L2Rpdj4KPGRpdj4KICAgPGltZyBsb2FkaW5nPSJsYXp5IiBzcmM9Imh0dHBzOi8vd3d3LmV4YXJ0aWEubmV0L3dwLWNvbnRlbnQvdXBsb2Fkcy9pc2FjYS9DSVNBLmpwZyIgYWx0PSJDSVNBIC0gQ2VydGlmaWVkIEluZm9ybWF0aW9uIFN5c3RlbXMgQXVkaXRvciIgdGl0bGU9IkNJU0Eg4oCTIENlcnRpZmllZCBJbmZvcm1hdGlvbiBTeXN0ZW1zIEF1ZGl0b3IiIHN0eWxlPSJ3aWR0aDogMzAwcHg7Ij4KPC9kaXY+CjxkaXY+CiAgIDxpbWcgbG9hZGluZz0ibGF6eSIgc3JjPSJodHRwczovL3d3dy5leGFydGlhLm5ldC93cC1jb250ZW50L3VwbG9hZHMvaXNhY2EvQ1JJU0MuanBnIiBhbHQ9IkNSSVNDIC0gQ2VydGlmaWVkIGluIFJpc2sgYW5kIEluZm9ybWF0aW9uIFN5c3RlbXMgQ29udHJvbCIgdGl0bGU9IkNSSVNDIOKAkyBDZXJ0aWZpZWQgaW4gUmlzayBhbmQgSW5mb3JtYXRpb24gU3lzdGVtcyBDb250cm9sIiBzdHlsZT0id2lkdGg6IDI3MHB4OyI+CjwvZGl2Pgo8ZGl2PgogICA8aW1nIGxvYWRpbmc9ImxhenkiIHNyYz0iaHR0cHM6Ly93d3cuZXhhcnRpYS5uZXQvd3AtY29udGVudC91cGxvYWRzL2lzYWNhL0NJU00uanBnIiBhbHQ9IkNJU00gLSBDZXJ0aWZpZWQgSW5mb3JtYXRpb24gU2VjdXJpdHkgTWFuYWdlciIgdGl0bGU9IkNJU00g4oCTIENlcnRpZmllZCBJbmZvcm1hdGlvbiBTZWN1cml0eSBNYW5hZ2VyIiBzdHlsZT0id2lkdGg6IDMwMHB4OyI+CjwvZGl2Pgo8ZGl2PgogICA8aW1nIGxvYWRpbmc9ImxhenkiIHNyYz0iaHR0cHM6Ly93d3cuZXhhcnRpYS5uZXQvd3AtY29udGVudC91cGxvYWRzL2lzYWNhL0NHRUlULmpwZyIgYWx0PSJDR0VJVCAtIENlcnRpZmllZCBpbiB0aGUgR292ZXJuYW5jZSBvZiBFbnRlcnByaXNlIElUIiB0aXRsZT0iQ0dFSVQg4oCTIENlcnRpZmllZCBpbiB0aGUgR292ZXJuYW5jZSBvZiBFbnRlcnByaXNlIElUIiBzdHlsZT0id2lkdGg6IDMwMHB4OyI+CjwvZGl2Pgo8ZGl2IGNsYXNzPSJtdC00IG1iLTQiPgogICA8aDM+CiAgICAgIDx1PkxlcyBub3N0cmVzIG1ldG9kb2xvZ2llczwvdT4KICAgPC9oMz4KPC9kaXY+CjxkaXYgY2xhc3M9Im1iLTQiPgogICA8aW1nIGxvYWRpbmc9ImxhenkiIHNyYz0iaHR0cHM6Ly93d3cuZXhhcnRpYS5uZXQvd3AtY29udGVudC91cGxvYWRzL2lzYWNhL0NPQklULmdpZiIgYWx0PSJDT0JJVCIgdGl0bGU9IkNPQklUIiBzdHlsZT0id2lkdGg6IDMwMHB4OyI+CjwvZGl2Pgo8ZGl2IGNsYXNzPSJtYi00Ij4KICAgPGltZyBsb2FkaW5nPSJsYXp5IiBzcmM9Imh0dHBzOi8vd3d3LmV4YXJ0aWEubmV0L3dwLWNvbnRlbnQvdXBsb2Fkcy9pc2FjYS9JVElMLmdpZiIgYWx0PSJJVElMIiB0aXRsZT0iSVRJTCIgc3R5bGU9IndpZHRoOiAzMDBweDsiPgo8L2Rpdj4K[\/vc_raw_html][\/vc_column][\/vc_row]<\/p>\n<\/div>","protected":false},"excerpt":{"rendered":"<p>[vc_row type=&#8221;vc_default&#8221; margin_top=&#8221;5&#8243; margin_bottom=&#8221;15&#8243; css=&#8221;.vc_custom_1493829267800{padding-top: 70px !important;}&#8221;][vc_column width=&#8221;5\/6&#8243; offset=&#8221;vc_col-lg-9 vc_col-md-9 vc_col-xs-12&#8243; css=&#8221;.vc_custom_1747378846873{padding-bottom: 70px !important;}&#8221;][vc_column_text css=&#8221;&#8221;]Comptem amb m\u00e9s de 20 anys d&#8217;experi\u00e8ncia en la implantaci\u00f3 de projectes de Compliance, Auditoria, Consultoria, Desenvolupament i Seguretat en Tecnologies de la Informaci\u00f3.[\/vc_column_text][vc_column_text css=&#8221;&#8221;]Els nostres Auditors i Consultors inform\u00e0tics compten, entre altres, amb les seg\u00fcents certificacions: CISA (Certified Information Systems&hellip;<\/p>\n","protected":false},"author":1,"featured_media":0,"parent":0,"menu_order":1,"comment_status":"closed","ping_status":"closed","template":"","meta":{"footnotes":""},"class_list":["post-1349","page","type-page","status-publish","hentry","description-off"],"_links":{"self":[{"href":"https:\/\/compliance.exartia.net\/ca\/wp-json\/wp\/v2\/pages\/1349","targetHints":{"allow":["GET"]}}],"collection":[{"href":"https:\/\/compliance.exartia.net\/ca\/wp-json\/wp\/v2\/pages"}],"about":[{"href":"https:\/\/compliance.exartia.net\/ca\/wp-json\/wp\/v2\/types\/page"}],"author":[{"embeddable":true,"href":"https:\/\/compliance.exartia.net\/ca\/wp-json\/wp\/v2\/users\/1"}],"replies":[{"embeddable":true,"href":"https:\/\/compliance.exartia.net\/ca\/wp-json\/wp\/v2\/comments?post=1349"}],"version-history":[{"count":4,"href":"https:\/\/compliance.exartia.net\/ca\/wp-json\/wp\/v2\/pages\/1349\/revisions"}],"predecessor-version":[{"id":1562,"href":"https:\/\/compliance.exartia.net\/ca\/wp-json\/wp\/v2\/pages\/1349\/revisions\/1562"}],"wp:attachment":[{"href":"https:\/\/compliance.exartia.net\/ca\/wp-json\/wp\/v2\/media?parent=1349"}],"curies":[{"name":"wp","href":"https:\/\/api.w.org\/{rel}","templated":true}]}}